{"id":110,"date":"2024-08-12T07:24:32","date_gmt":"2024-08-12T07:24:32","guid":{"rendered":"https:\/\/naifar.provesonlinevalles.com\/?page_id=110"},"modified":"2025-11-04T11:40:26","modified_gmt":"2025-11-04T10:40:26","slug":"qui-som","status":"publish","type":"page","link":"https:\/\/naifar.provesonlinevalles.com\/es\/qui-som\/","title":{"rendered":"Qui\u00e9nes somos"},"content":{"rendered":"<div data-elementor-type=\"wp-page\" data-elementor-id=\"110\" class=\"elementor elementor-110\" data-elementor-post-type=\"page\">\n\t\t\t\t<div class=\"elementor-element elementor-element-a8243d6 e-flex e-con-boxed e-con e-parent\" data-id=\"a8243d6\" data-element_type=\"container\" data-settings=\"{&quot;background_background&quot;:&quot;classic&quot;}\">\n\t\t\t\t\t<div class=\"e-con-inner\">\n\t\t<div class=\"elementor-element elementor-element-04e212a e-con-full e-flex e-con e-child\" data-id=\"04e212a\" data-element_type=\"container\">\n\t\t\t\t<div class=\"elementor-element elementor-element-4d9b74d elementor-widget elementor-widget-heading\" data-id=\"4d9b74d\" data-element_type=\"widget\" data-widget_type=\"heading.default\">\n\t\t\t\t<div class=\"elementor-widget-container\">\n\t\t\t\t\t<h2 class=\"elementor-heading-title elementor-size-default\">Qui\u00e9nes somos<\/h2>\t\t\t\t<\/div>\n\t\t\t\t<\/div>\n\t\t\t\t<div class=\"elementor-element elementor-element-932ed08 elementor-widget__width-initial elementor-widget elementor-widget-heading\" data-id=\"932ed08\" data-element_type=\"widget\" data-widget_type=\"heading.default\">\n\t\t\t\t<div class=\"elementor-widget-container\">\n\t\t\t\t\t<h1 class=\"elementor-heading-title elementor-size-default\">\u00a1Elige entre todas nuestras actividades extraescolares y ap\u00fantate!<\/h1>\t\t\t\t<\/div>\n\t\t\t\t<\/div>\n\t\t\t\t<\/div>\n\t\t\t\t\t<\/div>\n\t\t\t\t<\/div>\n\t\t<div class=\"elementor-element elementor-element-036b699 e-flex e-con-boxed e-con e-parent\" data-id=\"036b699\" data-element_type=\"container\" data-settings=\"{&quot;background_background&quot;:&quot;classic&quot;}\">\n\t\t\t\t\t<div class=\"e-con-inner\">\n\t\t<div class=\"elementor-element elementor-element-85cbc47 e-con-full e-flex e-con e-child\" data-id=\"85cbc47\" data-element_type=\"container\">\n\t\t\t\t<div class=\"elementor-element elementor-element-43841b4 elementor-widget elementor-widget-image\" data-id=\"43841b4\" data-element_type=\"widget\" data-widget_type=\"image.default\">\n\t\t\t\t<div class=\"elementor-widget-container\">\n\t\t\t\t\t\t\t\t\t\t\t\t\t\t\t<img fetchpriority=\"high\" decoding=\"async\" width=\"800\" height=\"450\" src=\"https:\/\/naifar.provesonlinevalles.com\/wp-content\/uploads\/2024\/08\/45-1024x576.jpg\" class=\"attachment-large size-large wp-image-844\" alt=\"\" srcset=\"https:\/\/naifar.provesonlinevalles.com\/wp-content\/uploads\/2024\/08\/45-1024x576.jpg 1024w, https:\/\/naifar.provesonlinevalles.com\/wp-content\/uploads\/2024\/08\/45-300x169.jpg 300w, https:\/\/naifar.provesonlinevalles.com\/wp-content\/uploads\/2024\/08\/45-768x432.jpg 768w, https:\/\/naifar.provesonlinevalles.com\/wp-content\/uploads\/2024\/08\/45-1536x864.jpg 1536w, https:\/\/naifar.provesonlinevalles.com\/wp-content\/uploads\/2024\/08\/45.jpg 1920w\" sizes=\"(max-width: 800px) 100vw, 800px\" \/>\t\t\t\t\t\t\t\t\t\t\t\t\t\t\t<\/div>\n\t\t\t\t<\/div>\n\t\t\t\t<\/div>\n\t\t<div class=\"elementor-element elementor-element-4eeda79 e-con-full e-flex e-con e-child\" data-id=\"4eeda79\" data-element_type=\"container\">\n\t\t\t\t<div class=\"elementor-element elementor-element-30cab51 elementor-widget elementor-widget-heading\" data-id=\"30cab51\" data-element_type=\"widget\" data-widget_type=\"heading.default\">\n\t\t\t\t<div class=\"elementor-widget-container\">\n\t\t\t\t\t<h2 class=\"elementor-heading-title elementor-size-default\">Historia y or\u00edgenes de Naifar<\/h2>\t\t\t\t<\/div>\n\t\t\t\t<\/div>\n\t\t\t\t<div class=\"elementor-element elementor-element-a4adc28 elementor-widget elementor-widget-text-editor\" data-id=\"a4adc28\" data-element_type=\"widget\" data-widget_type=\"text-editor.default\">\n\t\t\t\t<div class=\"elementor-widget-container\">\n\t\t\t\t\t\t\t\t\t<p>Naifar Lleure tiene sus ra\u00edces en la visi\u00f3n conjunta de maestros de diversas especialidades y profesionales del ocio, que se unieron en 1999 con un prop\u00f3sito claro: elevar la calidad educativa de las actividades extracurriculares en las escuelas. Desde su fundaci\u00f3n, nuestra cooperativa no s\u00f3lo se ha comprometido a enriquecer el tiempo fuera del horario lectivo con experiencias educativas<br \/>significativas, sino tambi\u00e9n en apoyar activamente el entorno escolar durante la jornada lectiva. A lo largo de los a\u00f1os, hemos crecido y evolucionado gracias a la confianza y apoyo de las comunidades educativas con las que colaboramos. Continuamos comprometidos con nuestro objetivo original de proporcionar experiencias educativas y de ocio de alta calidad que enriquezcan la vida escolar y promuevan el desarrollo integral de los estudiantes.<\/p>\t\t\t\t\t\t\t\t<\/div>\n\t\t\t\t<\/div>\n\t\t\t\t<\/div>\n\t\t\t\t\t<\/div>\n\t\t\t\t<\/div>\n\t\t<div class=\"elementor-element elementor-element-9b4220b e-flex e-con-boxed e-con e-parent\" data-id=\"9b4220b\" data-element_type=\"container\" data-settings=\"{&quot;background_background&quot;:&quot;classic&quot;}\">\n\t\t\t\t\t<div class=\"e-con-inner\">\n\t\t<div class=\"elementor-element elementor-element-6ffee40 e-con-full e-flex e-con e-child\" data-id=\"6ffee40\" data-element_type=\"container\">\n\t\t\t\t<div class=\"elementor-element elementor-element-313d918 elementor-widget elementor-widget-image\" data-id=\"313d918\" data-element_type=\"widget\" data-widget_type=\"image.default\">\n\t\t\t\t<div class=\"elementor-widget-container\">\n\t\t\t\t\t\t\t\t\t\t\t\t\t\t\t<img decoding=\"async\" width=\"800\" height=\"450\" src=\"https:\/\/naifar.provesonlinevalles.com\/wp-content\/uploads\/2024\/08\/47-1536x864-1-1024x576.jpg\" class=\"attachment-large size-large wp-image-930\" alt=\"\" srcset=\"https:\/\/naifar.provesonlinevalles.com\/wp-content\/uploads\/2024\/08\/47-1536x864-1-1024x576.jpg 1024w, https:\/\/naifar.provesonlinevalles.com\/wp-content\/uploads\/2024\/08\/47-1536x864-1-300x169.jpg 300w, https:\/\/naifar.provesonlinevalles.com\/wp-content\/uploads\/2024\/08\/47-1536x864-1-768x432.jpg 768w, https:\/\/naifar.provesonlinevalles.com\/wp-content\/uploads\/2024\/08\/47-1536x864-1.jpg 1536w\" sizes=\"(max-width: 800px) 100vw, 800px\" \/>\t\t\t\t\t\t\t\t\t\t\t\t\t\t\t<\/div>\n\t\t\t\t<\/div>\n\t\t\t\t<\/div>\n\t\t<div class=\"elementor-element elementor-element-72b67a5 e-con-full e-flex e-con e-child\" data-id=\"72b67a5\" data-element_type=\"container\">\n\t\t\t\t<div class=\"elementor-element elementor-element-5325482 elementor-widget elementor-widget-heading\" data-id=\"5325482\" data-element_type=\"widget\" data-widget_type=\"heading.default\">\n\t\t\t\t<div class=\"elementor-widget-container\">\n\t\t\t\t\t<h2 class=\"elementor-heading-title elementor-size-default\">Colaboraciones<\/h2>\t\t\t\t<\/div>\n\t\t\t\t<\/div>\n\t\t\t\t<div class=\"elementor-element elementor-element-a7e1751 elementor-widget elementor-widget-image\" data-id=\"a7e1751\" data-element_type=\"widget\" data-widget_type=\"image.default\">\n\t\t\t\t<div class=\"elementor-widget-container\">\n\t\t\t\t\t\t\t\t\t\t\t\t\t\t\t<img decoding=\"async\" width=\"800\" height=\"450\" src=\"https:\/\/naifar.provesonlinevalles.com\/wp-content\/uploads\/2024\/08\/WhatsApp-Image-2024-08-06-at-10.54.09-1-1024x576.jpeg\" class=\"attachment-large size-large wp-image-687\" alt=\"\" srcset=\"https:\/\/naifar.provesonlinevalles.com\/wp-content\/uploads\/2024\/08\/WhatsApp-Image-2024-08-06-at-10.54.09-1-1024x576.jpeg 1024w, https:\/\/naifar.provesonlinevalles.com\/wp-content\/uploads\/2024\/08\/WhatsApp-Image-2024-08-06-at-10.54.09-1-300x169.jpeg 300w, https:\/\/naifar.provesonlinevalles.com\/wp-content\/uploads\/2024\/08\/WhatsApp-Image-2024-08-06-at-10.54.09-1-768x432.jpeg 768w, https:\/\/naifar.provesonlinevalles.com\/wp-content\/uploads\/2024\/08\/WhatsApp-Image-2024-08-06-at-10.54.09-1-1536x864.jpeg 1536w, https:\/\/naifar.provesonlinevalles.com\/wp-content\/uploads\/2024\/08\/WhatsApp-Image-2024-08-06-at-10.54.09-1.jpeg 1600w\" sizes=\"(max-width: 800px) 100vw, 800px\" \/>\t\t\t\t\t\t\t\t\t\t\t\t\t\t\t<\/div>\n\t\t\t\t<\/div>\n\t\t\t\t<div class=\"elementor-element elementor-element-2716800 elementor-widget elementor-widget-text-editor\" data-id=\"2716800\" data-element_type=\"widget\" data-widget_type=\"text-editor.default\">\n\t\t\t\t<div class=\"elementor-widget-container\">\n\t\t\t\t\t\t\t\t\t<p>Como cooperativa, hemos establecido colaboraciones significativas con la Facultad de Psicolog\u00eda, Ciencias de la Educaci\u00f3n y del Deporte de la Universidad Ramon Llull. Actuamos como ponentes en diversas charlas sobre educaci\u00f3n no formal y como tutores de pr\u00e1cticas para estudiantes de magisterio y Ciencias de la Actividad F\u00edsica y del Deporte. Adem\u00e1s, en la Escola Pia Santa Anna, hemos sido tutores de pr\u00e1cticas para los alumnos del Ciclo Profesional de Conducci\u00f3n de Actividades F\u00edsicodeportivas en el medio natural. Tambi\u00e9n hemos participado activamente en el Programa Incorpora de La Caixa, enfocado a la integraci\u00f3n sociolaboral de personas en situaci\u00f3n de riesgo de exclusi\u00f3n social. Somos entidad miembro de la federaci\u00f3n catalana de cooperativas.<\/p>\t\t\t\t\t\t\t\t<\/div>\n\t\t\t\t<\/div>\n\t\t\t\t<\/div>\n\t\t\t\t\t<\/div>\n\t\t\t\t<\/div>\n\t\t<div class=\"elementor-element elementor-element-d29a024 e-flex e-con-boxed e-con e-parent\" data-id=\"d29a024\" data-element_type=\"container\">\n\t\t\t\t\t<div class=\"e-con-inner\">\n\t\t<div class=\"elementor-element elementor-element-f12e2a0 e-con-full e-flex e-con e-child\" data-id=\"f12e2a0\" data-element_type=\"container\" data-settings=\"{&quot;background_background&quot;:&quot;classic&quot;}\">\n\t\t<div class=\"elementor-element elementor-element-e574227 e-con-full e-flex e-con e-child\" data-id=\"e574227\" data-element_type=\"container\">\n\t\t\t\t<div class=\"elementor-element elementor-element-56891b3 elementor-widget__width-initial elementor-widget elementor-widget-heading\" data-id=\"56891b3\" data-element_type=\"widget\" data-widget_type=\"heading.default\">\n\t\t\t\t<div class=\"elementor-widget-container\">\n\t\t\t\t\t<h3 class=\"elementor-heading-title elementor-size-default\">\u00bfQuiere formar parte de nuestro equipo de educadores y monitores?<\/h3>\t\t\t\t<\/div>\n\t\t\t\t<\/div>\n\t\t\t\t<div class=\"elementor-element elementor-element-489dd1f elementor-widget elementor-widget-text-editor\" data-id=\"489dd1f\" data-element_type=\"widget\" data-widget_type=\"text-editor.default\">\n\t\t\t\t<div class=\"elementor-widget-container\">\n\t\t\t\t\t\t\t\t\t<p><span style=\"color: #000000;\">Estamos en busca de personas activas y apasionadas, que sean tan divertidas como responsables, y que disfruten compartiendo momentos gratificantes con ni\u00f1os y adolescentes. Actualmente, tenemos proyectos activos en las \u00e1reas del Maresme (Vilassar de Mar, Vilassar de Dalt, Cabrils, Alella y Cabrera de Mar) y en la ciudad de Barcelona (barrios del Eixample, Nou Barris y Ciutat Vella). Si est\u00e1s interesado en unirte a nuestro equipo, te invitamos a dejarnos tu curr\u00edculum detallando tu experiencia relevante. Es fundamental que nos indiques tu disponibilidad espec\u00edfica de d\u00edas y horas.<\/span><\/p>\t\t\t\t\t\t\t\t<\/div>\n\t\t\t\t<\/div>\n\t\t\t\t<div class=\"elementor-element elementor-element-86ed833 elementor-align-left elementor-mobile-align-justify elementor-widget elementor-widget-button\" data-id=\"86ed833\" data-element_type=\"widget\" data-widget_type=\"button.default\">\n\t\t\t\t<div class=\"elementor-widget-container\">\n\t\t\t\t\t\t\t\t\t<div class=\"elementor-button-wrapper\">\n\t\t\t\t\t<a class=\"elementor-button elementor-button-link elementor-size-sm\" href=\"https:\/\/naifar.provesonlinevalles.com\/es\/uneix-te\/\">\n\t\t\t\t\t\t<span class=\"elementor-button-content-wrapper\">\n\t\t\t\t\t\t\t\t\t<span class=\"elementor-button-text\">Saber m\u00e1s<\/span>\n\t\t\t\t\t<\/span>\n\t\t\t\t\t<\/a>\n\t\t\t\t<\/div>\n\t\t\t\t\t\t\t\t<\/div>\n\t\t\t\t<\/div>\n\t\t\t\t<\/div>\n\t\t\t\t<div class=\"elementor-element elementor-element-2ecfa41 elementor-widget__width-initial elementor-widget-mobile__width-initial elementor-widget elementor-widget-image\" data-id=\"2ecfa41\" data-element_type=\"widget\" data-widget_type=\"image.default\">\n\t\t\t\t<div class=\"elementor-widget-container\">\n\t\t\t\t\t\t\t\t\t\t\t\t\t\t\t<img loading=\"lazy\" decoding=\"async\" width=\"800\" height=\"450\" src=\"https:\/\/naifar.provesonlinevalles.com\/wp-content\/uploads\/2024\/08\/39-1024x576.jpg\" class=\"attachment-large size-large wp-image-837\" alt=\"\" srcset=\"https:\/\/naifar.provesonlinevalles.com\/wp-content\/uploads\/2024\/08\/39-1024x576.jpg 1024w, https:\/\/naifar.provesonlinevalles.com\/wp-content\/uploads\/2024\/08\/39-300x169.jpg 300w, https:\/\/naifar.provesonlinevalles.com\/wp-content\/uploads\/2024\/08\/39-768x432.jpg 768w, https:\/\/naifar.provesonlinevalles.com\/wp-content\/uploads\/2024\/08\/39-1536x864.jpg 1536w, https:\/\/naifar.provesonlinevalles.com\/wp-content\/uploads\/2024\/08\/39.jpg 1920w\" sizes=\"(max-width: 800px) 100vw, 800px\" \/>\t\t\t\t\t\t\t\t\t\t\t\t\t\t\t<\/div>\n\t\t\t\t<\/div>\n\t\t\t\t<\/div>\n\t\t\t\t\t<\/div>\n\t\t\t\t<\/div>\n\t\t\t\t<\/div>","protected":false},"excerpt":{"rendered":"<p>Qui som Escull entre totes les nostres activitats extraescolars i apunta&#8217;t! Hist\u00f2ria i or\u00edgens de Naifar Naifar Lleure t\u00e9 les arrels en la visi\u00f3 conjunta de mestres de diverses especialitats i professionals de l&#8217;oci, que es van unir el 1999 amb un prop\u00f2sit clar: elevar la qualitat educativa de les activitats extracurriculars a les escoles. [&hellip;]<\/p>","protected":false},"author":1,"featured_media":0,"parent":0,"menu_order":0,"comment_status":"closed","ping_status":"closed","template":"elementor_header_footer","meta":{"footnotes":""},"class_list":["post-110","page","type-page","status-publish","hentry"],"_links":{"self":[{"href":"https:\/\/naifar.provesonlinevalles.com\/es\/wp-json\/wp\/v2\/pages\/110","targetHints":{"allow":["GET"]}}],"collection":[{"href":"https:\/\/naifar.provesonlinevalles.com\/es\/wp-json\/wp\/v2\/pages"}],"about":[{"href":"https:\/\/naifar.provesonlinevalles.com\/es\/wp-json\/wp\/v2\/types\/page"}],"author":[{"embeddable":true,"href":"https:\/\/naifar.provesonlinevalles.com\/es\/wp-json\/wp\/v2\/users\/1"}],"replies":[{"embeddable":true,"href":"https:\/\/naifar.provesonlinevalles.com\/es\/wp-json\/wp\/v2\/comments?post=110"}],"version-history":[{"count":126,"href":"https:\/\/naifar.provesonlinevalles.com\/es\/wp-json\/wp\/v2\/pages\/110\/revisions"}],"predecessor-version":[{"id":1454,"href":"https:\/\/naifar.provesonlinevalles.com\/es\/wp-json\/wp\/v2\/pages\/110\/revisions\/1454"}],"wp:attachment":[{"href":"https:\/\/naifar.provesonlinevalles.com\/es\/wp-json\/wp\/v2\/media?parent=110"}],"curies":[{"name":"wp","href":"https:\/\/api.w.org\/{rel}","templated":true}]}}