{"id":114,"date":"2024-08-12T07:24:54","date_gmt":"2024-08-12T07:24:54","guid":{"rendered":"https:\/\/naifar.provesonlinevalles.com\/?page_id=114"},"modified":"2025-11-04T11:34:46","modified_gmt":"2025-11-04T10:34:46","slug":"per-on-comencem","status":"publish","type":"page","link":"https:\/\/naifar.provesonlinevalles.com\/es\/per-on-comencem\/","title":{"rendered":"\u00bfPor d\u00f3nde empezamos?"},"content":{"rendered":"<div data-elementor-type=\"wp-page\" data-elementor-id=\"114\" class=\"elementor elementor-114\" data-elementor-post-type=\"page\">\n\t\t\t\t<div class=\"elementor-element elementor-element-20d4a41 e-flex e-con-boxed e-con e-parent\" data-id=\"20d4a41\" data-element_type=\"container\" data-settings=\"{&quot;background_background&quot;:&quot;classic&quot;}\">\n\t\t\t\t\t<div class=\"e-con-inner\">\n\t\t<div class=\"elementor-element elementor-element-3079bcd e-con-full e-flex e-con e-child\" data-id=\"3079bcd\" data-element_type=\"container\">\n\t\t\t\t<div class=\"elementor-element elementor-element-a6d484e elementor-widget__width-initial elementor-widget elementor-widget-heading\" data-id=\"a6d484e\" data-element_type=\"widget\" data-widget_type=\"heading.default\">\n\t\t\t\t<div class=\"elementor-widget-container\">\n\t\t\t\t\t<h1 class=\"elementor-heading-title elementor-size-default\">\u00bfPor d\u00f3nde empezamos?<\/h1>\t\t\t\t<\/div>\n\t\t\t\t<\/div>\n\t\t\t\t<\/div>\n\t\t\t\t\t<\/div>\n\t\t\t\t<\/div>\n\t\t<div class=\"elementor-element elementor-element-c6867e2 e-flex e-con-boxed e-con e-parent\" data-id=\"c6867e2\" data-element_type=\"container\" data-settings=\"{&quot;background_background&quot;:&quot;classic&quot;}\">\n\t\t\t\t\t<div class=\"e-con-inner\">\n\t\t<div class=\"elementor-element elementor-element-6ceef41 e-con-full e-flex e-con e-child\" data-id=\"6ceef41\" data-element_type=\"container\">\n\t\t\t\t<div class=\"elementor-element elementor-element-6d28a98 elementor-widget elementor-widget-image\" data-id=\"6d28a98\" data-element_type=\"widget\" data-widget_type=\"image.default\">\n\t\t\t\t<div class=\"elementor-widget-container\">\n\t\t\t\t\t\t\t\t\t\t\t\t\t\t\t<img fetchpriority=\"high\" decoding=\"async\" width=\"800\" height=\"450\" src=\"https:\/\/naifar.provesonlinevalles.com\/wp-content\/uploads\/2024\/08\/2-1024x576.jpg\" class=\"attachment-large size-large wp-image-879\" alt=\"\" srcset=\"https:\/\/naifar.provesonlinevalles.com\/wp-content\/uploads\/2024\/08\/2-1024x576.jpg 1024w, https:\/\/naifar.provesonlinevalles.com\/wp-content\/uploads\/2024\/08\/2-300x169.jpg 300w, https:\/\/naifar.provesonlinevalles.com\/wp-content\/uploads\/2024\/08\/2-768x432.jpg 768w, https:\/\/naifar.provesonlinevalles.com\/wp-content\/uploads\/2024\/08\/2-1536x864.jpg 1536w, https:\/\/naifar.provesonlinevalles.com\/wp-content\/uploads\/2024\/08\/2.jpg 1920w\" sizes=\"(max-width: 800px) 100vw, 800px\" \/>\t\t\t\t\t\t\t\t\t\t\t\t\t\t\t<\/div>\n\t\t\t\t<\/div>\n\t\t\t\t<\/div>\n\t\t<div class=\"elementor-element elementor-element-58abcf1 e-con-full e-flex e-con e-child\" data-id=\"58abcf1\" data-element_type=\"container\">\n\t\t\t\t<div class=\"elementor-element elementor-element-196781f elementor-widget elementor-widget-heading\" data-id=\"196781f\" data-element_type=\"widget\" data-widget_type=\"heading.default\">\n\t\t\t\t<div class=\"elementor-widget-container\">\n\t\t\t\t\t<h2 class=\"elementor-heading-title elementor-size-default\">Cu\u00e9ntanos tu propuesta<\/h2>\t\t\t\t<\/div>\n\t\t\t\t<\/div>\n\t\t\t\t<div class=\"elementor-element elementor-element-5505442 elementor-widget elementor-widget-text-editor\" data-id=\"5505442\" data-element_type=\"widget\" data-widget_type=\"text-editor.default\">\n\t\t\t\t<div class=\"elementor-widget-container\">\n\t\t\t\t\t\t\t\t\t<p>Nos encantar\u00eda conocer tus necesidades y c\u00f3mo te podemos ayudar. Estamos comprometidos a trabajar en estrecha colaboraci\u00f3n contigo para asegurar que nuestras actividades no s\u00f3lo cumplan, sino que superen tus expectativas, proporcionando una experiencia educativa y de ocio excepcional para todos los involucrados.<\/p>\t\t\t\t\t\t\t\t<\/div>\n\t\t\t\t<\/div>\n\t\t\t\t<\/div>\n\t\t\t\t\t<\/div>\n\t\t\t\t<\/div>\n\t\t<div class=\"elementor-element elementor-element-d61a62a e-flex e-con-boxed e-con e-parent\" data-id=\"d61a62a\" data-element_type=\"container\" data-settings=\"{&quot;background_background&quot;:&quot;classic&quot;}\">\n\t\t\t\t\t<div class=\"e-con-inner\">\n\t\t<div class=\"elementor-element elementor-element-fed8b46 e-con-full e-flex e-con e-child\" data-id=\"fed8b46\" data-element_type=\"container\" data-settings=\"{&quot;sticky&quot;:&quot;top&quot;,&quot;sticky_offset&quot;:60,&quot;sticky_parent&quot;:&quot;yes&quot;,&quot;sticky_on&quot;:[&quot;desktop&quot;,&quot;tablet&quot;],&quot;sticky_effects_offset&quot;:0,&quot;sticky_anchor_link_offset&quot;:0}\">\n\t\t\t\t<div class=\"elementor-element elementor-element-d52c783 elementor-widget elementor-widget-heading\" data-id=\"d52c783\" data-element_type=\"widget\" data-widget_type=\"heading.default\">\n\t\t\t\t<div class=\"elementor-widget-container\">\n\t\t\t\t\t<h2 class=\"elementor-heading-title elementor-size-default\">\u00bfEmpezamos a trabajar? Seguimos un procedimiento f\u00e1cil y eficaz<\/h2>\t\t\t\t<\/div>\n\t\t\t\t<\/div>\n\t\t\t\t<div class=\"elementor-element elementor-element-19a54c6 elementor-widget elementor-widget-text-editor\" data-id=\"19a54c6\" data-element_type=\"widget\" data-widget_type=\"text-editor.default\">\n\t\t\t\t<div class=\"elementor-widget-container\">\n\t\t\t\t\t\t\t\t\t<p>Cuando est\u00e9s interesado en nuestra propuesta, seguimos un proceso meticuloso para asegurarnos de que nuestras actividades se alineen con las<br>necesidades y objetivos de cada centro educativo:<\/p>\t\t\t\t\t\t\t\t<\/div>\n\t\t\t\t<\/div>\n\t\t\t\t<\/div>\n\t\t<div class=\"elementor-element elementor-element-feefc4c e-con-full e-flex e-con e-child\" data-id=\"feefc4c\" data-element_type=\"container\">\n\t\t<div class=\"elementor-element elementor-element-bcfd5df e-con-full animated-slow e-flex elementor-invisible e-con e-child\" data-id=\"bcfd5df\" data-element_type=\"container\" data-settings=\"{&quot;background_background&quot;:&quot;classic&quot;,&quot;animation&quot;:&quot;fadeInDown&quot;}\">\n\t\t\t\t<div class=\"elementor-element elementor-element-739bccb elementor-widget elementor-widget-icon-box\" data-id=\"739bccb\" data-element_type=\"widget\" data-widget_type=\"icon-box.default\">\n\t\t\t\t<div class=\"elementor-widget-container\">\n\t\t\t\t\t\t\t<div class=\"elementor-icon-box-wrapper\">\n\n\t\t\t\n\t\t\t\t\t\t<div class=\"elementor-icon-box-content\">\n\n\t\t\t\t\t\t\t\t\t<h6 class=\"elementor-icon-box-title\">\n\t\t\t\t\t\t<span  >\n\t\t\t\t\t\t\t1. Reuni\u00f3n con la escuela\t\t\t\t\t\t<\/span>\n\t\t\t\t\t<\/h6>\n\t\t\t\t\n\t\t\t\t\t\t\t\t\t<p class=\"elementor-icon-box-description\">\n\t\t\t\t\t\tEmpecemos con una reuni\u00f3n con la escuela para conocer a fondo el proyecto educativo. Esto nos permite trabajar en paralelo y asegurarnos de que nuestras actividades complementen y enriquezcan el plan educativo del centro.\t\t\t\t\t<\/p>\n\t\t\t\t\n\t\t\t<\/div>\n\t\t\t\n\t\t<\/div>\n\t\t\t\t\t\t<\/div>\n\t\t\t\t<\/div>\n\t\t\t\t<\/div>\n\t\t<div class=\"elementor-element elementor-element-2d1e547 e-con-full animated-slow e-flex elementor-invisible e-con e-child\" data-id=\"2d1e547\" data-element_type=\"container\" data-settings=\"{&quot;background_background&quot;:&quot;classic&quot;,&quot;animation&quot;:&quot;fadeInDown&quot;,&quot;animation_delay&quot;:200}\">\n\t\t\t\t<div class=\"elementor-element elementor-element-141d5cd elementor-widget elementor-widget-icon-box\" data-id=\"141d5cd\" data-element_type=\"widget\" data-widget_type=\"icon-box.default\">\n\t\t\t\t<div class=\"elementor-widget-container\">\n\t\t\t\t\t\t\t<div class=\"elementor-icon-box-wrapper\">\n\n\t\t\t\n\t\t\t\t\t\t<div class=\"elementor-icon-box-content\">\n\n\t\t\t\t\t\t\t\t\t<h6 class=\"elementor-icon-box-title\">\n\t\t\t\t\t\t<span  >\n\t\t\t\t\t\t\t2. Reuni\u00f3n con el AMPA y\/o Consejo Directivo\t\t\t\t\t\t<\/span>\n\t\t\t\t\t<\/h6>\n\t\t\t\t\n\t\t\t\t\t\t\t\t\t<p class=\"elementor-icon-box-description\">\n\t\t\t\t\t\tDespu\u00e9s nos reunimos con el AMPA y\/o el Consejo Directivo para consensuar el programa a desarrollar. Este paso es crucial para adaptar nuestras propuestas a las expectativas y necesidades espec\u00edficas de la comunidad escolar.\t\t\t\t\t<\/p>\n\t\t\t\t\n\t\t\t<\/div>\n\t\t\t\n\t\t<\/div>\n\t\t\t\t\t\t<\/div>\n\t\t\t\t<\/div>\n\t\t\t\t<\/div>\n\t\t<div class=\"elementor-element elementor-element-2b108d4 e-con-full animated-slow e-flex elementor-invisible e-con e-child\" data-id=\"2b108d4\" data-element_type=\"container\" data-settings=\"{&quot;background_background&quot;:&quot;classic&quot;,&quot;animation&quot;:&quot;fadeInDown&quot;,&quot;animation_delay&quot;:400}\">\n\t\t\t\t<div class=\"elementor-element elementor-element-ffbf8f1 elementor-widget elementor-widget-icon-box\" data-id=\"ffbf8f1\" data-element_type=\"widget\" data-widget_type=\"icon-box.default\">\n\t\t\t\t<div class=\"elementor-widget-container\">\n\t\t\t\t\t\t\t<div class=\"elementor-icon-box-wrapper\">\n\n\t\t\t\n\t\t\t\t\t\t<div class=\"elementor-icon-box-content\">\n\n\t\t\t\t\t\t\t\t\t<h6 class=\"elementor-icon-box-title\">\n\t\t\t\t\t\t<span  >\n\t\t\t\t\t\t\t3. Programaci\u00f3n de actividades\t\t\t\t\t\t<\/span>\n\t\t\t\t\t<\/h6>\n\t\t\t\t\n\t\t\t\t\t\t\t\t\t<p class=\"elementor-icon-box-description\">\n\t\t\t\t\t\tUna vez realizadas las reuniones, nuestro departamento pedag\u00f3gico se encargar\u00e1 de elaborar las programaciones de las actividades. Por lo general, estas programaciones son bianuales, siguiendo los ciclos educativos naturales de la escuela. Sin embargo, las actividades de Educaci\u00f3n Infantil suelen ser anuales. Esta programaci\u00f3n incluye objetivos generales para todas las actividades y objetivos espec\u00edficos para cada una de ellas.\t\t\t\t\t<\/p>\n\t\t\t\t\n\t\t\t<\/div>\n\t\t\t\n\t\t<\/div>\n\t\t\t\t\t\t<\/div>\n\t\t\t\t<\/div>\n\t\t\t\t<\/div>\n\t\t<div class=\"elementor-element elementor-element-f5bcae3 e-con-full animated-slow e-flex elementor-invisible e-con e-child\" data-id=\"f5bcae3\" data-element_type=\"container\" data-settings=\"{&quot;background_background&quot;:&quot;classic&quot;,&quot;animation&quot;:&quot;fadeInDown&quot;,&quot;animation_delay&quot;:600}\">\n\t\t\t\t<div class=\"elementor-element elementor-element-c29c9c1 elementor-widget elementor-widget-icon-box\" data-id=\"c29c9c1\" data-element_type=\"widget\" data-widget_type=\"icon-box.default\">\n\t\t\t\t<div class=\"elementor-widget-container\">\n\t\t\t\t\t\t\t<div class=\"elementor-icon-box-wrapper\">\n\n\t\t\t\n\t\t\t\t\t\t<div class=\"elementor-icon-box-content\">\n\n\t\t\t\t\t\t\t\t\t<h6 class=\"elementor-icon-box-title\">\n\t\t\t\t\t\t<span  >\n\t\t\t\t\t\t\t4. Promoci\u00f3n de actividades\t\t\t\t\t\t<\/span>\n\t\t\t\t\t<\/h6>\n\t\t\t\t\n\t\t\t\t\t\t\t\t\t<p class=\"elementor-icon-box-description\">\n\t\t\t\t\t\tCon la programaci\u00f3n en mano nos encargamos de promocionar las actividades a las familias, preparando el terreno para las preinscripciones.\t\t\t\t\t<\/p>\n\t\t\t\t\n\t\t\t<\/div>\n\t\t\t\n\t\t<\/div>\n\t\t\t\t\t\t<\/div>\n\t\t\t\t<\/div>\n\t\t\t\t<\/div>\n\t\t<div class=\"elementor-element elementor-element-adaf25d e-con-full animated-slow e-flex elementor-invisible e-con e-child\" data-id=\"adaf25d\" data-element_type=\"container\" data-settings=\"{&quot;background_background&quot;:&quot;classic&quot;,&quot;animation&quot;:&quot;fadeInDown&quot;,&quot;animation_delay&quot;:800}\">\n\t\t\t\t<div class=\"elementor-element elementor-element-36cd2a3 elementor-widget elementor-widget-icon-box\" data-id=\"36cd2a3\" data-element_type=\"widget\" data-widget_type=\"icon-box.default\">\n\t\t\t\t<div class=\"elementor-widget-container\">\n\t\t\t\t\t\t\t<div class=\"elementor-icon-box-wrapper\">\n\n\t\t\t\n\t\t\t\t\t\t<div class=\"elementor-icon-box-content\">\n\n\t\t\t\t\t\t\t\t\t<h6 class=\"elementor-icon-box-title\">\n\t\t\t\t\t\t<span  >\n\t\t\t\t\t\t\t5. Reuniones Informativas\t\t\t\t\t\t<\/span>\n\t\t\t\t\t<\/h6>\n\t\t\t\t\n\t\t\t\t\t\t\t\t\t<p class=\"elementor-icon-box-description\">\n\t\t\t\t\t\tDespu\u00e9s de finalizar el proceso de inscripci\u00f3n, organizamos reuniones con los padres y madres de cada actividad para explicar los objetivos y la metodolog\u00eda, as\u00ed como para resolver cualquier duda que puedan tener.\t\t\t\t\t<\/p>\n\t\t\t\t\n\t\t\t<\/div>\n\t\t\t\n\t\t<\/div>\n\t\t\t\t\t\t<\/div>\n\t\t\t\t<\/div>\n\t\t\t\t<\/div>\n\t\t\t\t<\/div>\n\t\t\t\t\t<\/div>\n\t\t\t\t<\/div>\n\t\t<div class=\"elementor-element elementor-element-6ab64b0 e-flex e-con-boxed e-con e-parent\" data-id=\"6ab64b0\" data-element_type=\"container\" data-settings=\"{&quot;background_background&quot;:&quot;classic&quot;}\">\n\t\t\t\t\t<div class=\"e-con-inner\">\n\t\t<div class=\"elementor-element elementor-element-4875535 e-con-full e-flex e-con e-child\" data-id=\"4875535\" data-element_type=\"container\" data-settings=\"{&quot;background_background&quot;:&quot;classic&quot;}\">\n\t\t\t\t<div class=\"elementor-element elementor-element-b1534d2 elementor-widget elementor-widget-image\" data-id=\"b1534d2\" data-element_type=\"widget\" data-widget_type=\"image.default\">\n\t\t\t\t<div class=\"elementor-widget-container\">\n\t\t\t\t\t\t\t\t\t\t\t\t\t\t\t<img decoding=\"async\" width=\"800\" height=\"450\" src=\"https:\/\/naifar.provesonlinevalles.com\/wp-content\/uploads\/2024\/08\/39-1024x576.jpg\" class=\"attachment-large size-large wp-image-837\" alt=\"\" srcset=\"https:\/\/naifar.provesonlinevalles.com\/wp-content\/uploads\/2024\/08\/39-1024x576.jpg 1024w, https:\/\/naifar.provesonlinevalles.com\/wp-content\/uploads\/2024\/08\/39-300x169.jpg 300w, https:\/\/naifar.provesonlinevalles.com\/wp-content\/uploads\/2024\/08\/39-768x432.jpg 768w, https:\/\/naifar.provesonlinevalles.com\/wp-content\/uploads\/2024\/08\/39-1536x864.jpg 1536w, https:\/\/naifar.provesonlinevalles.com\/wp-content\/uploads\/2024\/08\/39.jpg 1920w\" sizes=\"(max-width: 800px) 100vw, 800px\" \/>\t\t\t\t\t\t\t\t\t\t\t\t\t\t\t<\/div>\n\t\t\t\t<\/div>\n\t\t<div class=\"elementor-element elementor-element-563ffb5 e-con-full e-flex e-con e-child\" data-id=\"563ffb5\" data-element_type=\"container\">\n\t\t\t\t<div class=\"elementor-element elementor-element-2e38519 elementor-widget__width-initial elementor-widget elementor-widget-heading\" data-id=\"2e38519\" data-element_type=\"widget\" data-widget_type=\"heading.default\">\n\t\t\t\t<div class=\"elementor-widget-container\">\n\t\t\t\t\t<h3 class=\"elementor-heading-title elementor-size-default\">\u00bfQuiere formar parte de nuestro equipo de educadores y monitores?<\/h3>\t\t\t\t<\/div>\n\t\t\t\t<\/div>\n\t\t\t\t<div class=\"elementor-element elementor-element-73ed601 elementor-widget elementor-widget-text-editor\" data-id=\"73ed601\" data-element_type=\"widget\" data-widget_type=\"text-editor.default\">\n\t\t\t\t<div class=\"elementor-widget-container\">\n\t\t\t\t\t\t\t\t\t<p><span style=\"color: #000000;\">Estamos en busca de personas activas y apasionadas, que sean tan divertidas como responsables, y que disfruten compartiendo momentos gratificantes con ni\u00f1os y adolescentes. Actualmente, tenemos proyectos activos en las \u00e1reas del Maresme (Vilassar de Mar, Vilassar de Dalt, Cabrils, Alella y Cabrera de Mar) y en la ciudad de Barcelona (barrios del Eixample, Nou Barris y Ciutat Vella). Si est\u00e1s interesado en unirte a nuestro equipo, te invitamos a dejarnos tu curr\u00edculum detallando tu experiencia relevante. Es fundamental que nos indiques tu disponibilidad espec\u00edfica de d\u00edas y horas.<\/span><\/p>\t\t\t\t\t\t\t\t<\/div>\n\t\t\t\t<\/div>\n\t\t\t\t<div class=\"elementor-element elementor-element-c9864d2 elementor-align-left elementor-mobile-align-justify elementor-widget elementor-widget-button\" data-id=\"c9864d2\" data-element_type=\"widget\" data-widget_type=\"button.default\">\n\t\t\t\t<div class=\"elementor-widget-container\">\n\t\t\t\t\t\t\t\t\t<div class=\"elementor-button-wrapper\">\n\t\t\t\t\t<a class=\"elementor-button elementor-button-link elementor-size-sm\" href=\"https:\/\/naifar.provesonlinevalles.com\/es\/uneix-te\/\">\n\t\t\t\t\t\t<span class=\"elementor-button-content-wrapper\">\n\t\t\t\t\t\t\t\t\t<span class=\"elementor-button-text\">Saber m\u00e1s<\/span>\n\t\t\t\t\t<\/span>\n\t\t\t\t\t<\/a>\n\t\t\t\t<\/div>\n\t\t\t\t\t\t\t\t<\/div>\n\t\t\t\t<\/div>\n\t\t\t\t<\/div>\n\t\t\t\t<\/div>\n\t\t\t\t\t<\/div>\n\t\t\t\t<\/div>\n\t\t\t\t<\/div>","protected":false},"excerpt":{"rendered":"<p>Per on comencem? Explica&#8217;ns la teva proposta Ens encantaria con\u00e8ixer les teves necessitats i com et podem ajudar. Estem compromesos a treballar en estreta col\u00b7laboraci\u00f3 amb tu per assegurar que les nostres activitats no nom\u00e9s compleixin, sin\u00f3 que superin les teves expectatives, proporcionant una experi\u00e8ncia educativa i de lleure excepcional per a tots els involucrats. [&hellip;]<\/p>","protected":false},"author":1,"featured_media":0,"parent":0,"menu_order":0,"comment_status":"closed","ping_status":"closed","template":"","meta":{"footnotes":""},"class_list":["post-114","page","type-page","status-publish","hentry"],"_links":{"self":[{"href":"https:\/\/naifar.provesonlinevalles.com\/es\/wp-json\/wp\/v2\/pages\/114","targetHints":{"allow":["GET"]}}],"collection":[{"href":"https:\/\/naifar.provesonlinevalles.com\/es\/wp-json\/wp\/v2\/pages"}],"about":[{"href":"https:\/\/naifar.provesonlinevalles.com\/es\/wp-json\/wp\/v2\/types\/page"}],"author":[{"embeddable":true,"href":"https:\/\/naifar.provesonlinevalles.com\/es\/wp-json\/wp\/v2\/users\/1"}],"replies":[{"embeddable":true,"href":"https:\/\/naifar.provesonlinevalles.com\/es\/wp-json\/wp\/v2\/comments?post=114"}],"version-history":[{"count":107,"href":"https:\/\/naifar.provesonlinevalles.com\/es\/wp-json\/wp\/v2\/pages\/114\/revisions"}],"predecessor-version":[{"id":1448,"href":"https:\/\/naifar.provesonlinevalles.com\/es\/wp-json\/wp\/v2\/pages\/114\/revisions\/1448"}],"wp:attachment":[{"href":"https:\/\/naifar.provesonlinevalles.com\/es\/wp-json\/wp\/v2\/media?parent=114"}],"curies":[{"name":"wp","href":"https:\/\/api.w.org\/{rel}","templated":true}]}}