{"id":116,"date":"2024-08-12T07:25:01","date_gmt":"2024-08-12T07:25:01","guid":{"rendered":"https:\/\/naifar.provesonlinevalles.com\/?page_id=116"},"modified":"2024-08-20T01:01:29","modified_gmt":"2024-08-20T01:01:29","slug":"casals-destiu","status":"publish","type":"page","link":"https:\/\/naifar.provesonlinevalles.com\/es\/casals-destiu\/","title":{"rendered":"Casales de verano"},"content":{"rendered":"<div data-elementor-type=\"wp-page\" data-elementor-id=\"116\" class=\"elementor elementor-116\" data-elementor-post-type=\"page\">\n\t\t\t\t<div class=\"elementor-element elementor-element-d94f800 e-flex e-con-boxed e-con e-parent\" data-id=\"d94f800\" data-element_type=\"container\" data-settings=\"{&quot;background_background&quot;:&quot;classic&quot;}\">\n\t\t\t\t\t<div class=\"e-con-inner\">\n\t\t<div class=\"elementor-element elementor-element-b919eea e-con-full e-flex e-con e-child\" data-id=\"b919eea\" data-element_type=\"container\">\n\t\t\t\t<div class=\"elementor-element elementor-element-22f4168 elementor-widget__width-initial elementor-widget elementor-widget-heading\" data-id=\"22f4168\" data-element_type=\"widget\" data-widget_type=\"heading.default\">\n\t\t\t\t<div class=\"elementor-widget-container\">\n\t\t\t\t\t<h1 class=\"elementor-heading-title elementor-size-default\">Casales de verano<\/h1>\t\t\t\t<\/div>\n\t\t\t\t<\/div>\n\t\t\t\t<\/div>\n\t\t\t\t\t<\/div>\n\t\t\t\t<\/div>\n\t\t<div class=\"elementor-element elementor-element-cf1f6c7 e-flex e-con-boxed e-con e-parent\" data-id=\"cf1f6c7\" data-element_type=\"container\" data-settings=\"{&quot;background_background&quot;:&quot;classic&quot;}\">\n\t\t\t\t\t<div class=\"e-con-inner\">\n\t\t<div class=\"elementor-element elementor-element-d39dfe5 e-con-full e-flex e-con e-child\" data-id=\"d39dfe5\" data-element_type=\"container\">\n\t\t\t\t<div class=\"elementor-element elementor-element-3e82f58 elementor-widget__width-initial elementor-widget elementor-widget-heading\" data-id=\"3e82f58\" data-element_type=\"widget\" data-widget_type=\"heading.default\">\n\t\t\t\t<div class=\"elementor-widget-container\">\n\t\t\t\t\t<h2 class=\"elementor-heading-title elementor-size-default\">\u00a1Ap\u00fantate al Casal de Verano 2024: Salesianos Rocafort &amp; Salesianos Sep\u00falveda!<\/h2>\t\t\t\t<\/div>\n\t\t\t\t<\/div>\n\t\t\t\t<div class=\"elementor-element elementor-element-1328cb7 elementor-widget__width-initial elementor-widget-tablet__width-inherit elementor-widget elementor-widget-text-editor\" data-id=\"1328cb7\" data-element_type=\"widget\" data-widget_type=\"text-editor.default\">\n\t\t\t\t<div class=\"elementor-widget-container\">\n\t\t\t\t\t\t\t\t\t<p>Sum\u00e9rgete en un verano lleno de diversi\u00f3n y aprendizaje en el Casal de Verano 2024. Dise\u00f1ado para ni\u00f1os y ni\u00f1as de todas las edades, nuestro programa ofrece actividades recreativas, talleres creativos, excursiones emocionantes y mucho m\u00e1s.<\/p>\t\t\t\t\t\t\t\t<\/div>\n\t\t\t\t<\/div>\n\t\t\t\t<\/div>\n\t\t<div class=\"elementor-element elementor-element-40fb58a e-grid e-con-full e-con e-child\" data-id=\"40fb58a\" data-element_type=\"container\">\n\t\t<div class=\"elementor-element elementor-element-88dd6be e-con-full e-flex e-con e-child\" data-id=\"88dd6be\" data-element_type=\"container\">\n\t\t\t\t<div class=\"elementor-element elementor-element-29586dc elementor-widget elementor-widget-image\" data-id=\"29586dc\" data-element_type=\"widget\" data-widget_type=\"image.default\">\n\t\t\t\t<div class=\"elementor-widget-container\">\n\t\t\t\t\t\t\t\t\t\t\t\t\t\t\t<img fetchpriority=\"high\" decoding=\"async\" width=\"724\" height=\"1024\" src=\"https:\/\/naifar.provesonlinevalles.com\/wp-content\/uploads\/2024\/08\/Cartell-Casal-destiu-ROC-2024-724x1024.jpg\" class=\"attachment-large size-large wp-image-460\" alt=\"\" srcset=\"https:\/\/naifar.provesonlinevalles.com\/wp-content\/uploads\/2024\/08\/Cartell-Casal-destiu-ROC-2024-724x1024.jpg 724w, https:\/\/naifar.provesonlinevalles.com\/wp-content\/uploads\/2024\/08\/Cartell-Casal-destiu-ROC-2024-212x300.jpg 212w, https:\/\/naifar.provesonlinevalles.com\/wp-content\/uploads\/2024\/08\/Cartell-Casal-destiu-ROC-2024-768x1086.jpg 768w, https:\/\/naifar.provesonlinevalles.com\/wp-content\/uploads\/2024\/08\/Cartell-Casal-destiu-ROC-2024-1086x1536.jpg 1086w, https:\/\/naifar.provesonlinevalles.com\/wp-content\/uploads\/2024\/08\/Cartell-Casal-destiu-ROC-2024.jpg 1414w\" sizes=\"(max-width: 724px) 100vw, 724px\" \/>\t\t\t\t\t\t\t\t\t\t\t\t\t\t\t<\/div>\n\t\t\t\t<\/div>\n\t\t<div class=\"elementor-element elementor-element-4eebe1d e-con-full e-flex e-con e-child\" data-id=\"4eebe1d\" data-element_type=\"container\">\n\t\t\t\t<div class=\"elementor-element elementor-element-9f76bbf elementor-widget elementor-widget-heading\" data-id=\"9f76bbf\" data-element_type=\"widget\" data-widget_type=\"heading.default\">\n\t\t\t\t<div class=\"elementor-widget-container\">\n\t\t\t\t\t<h4 class=\"elementor-heading-title elementor-size-default\">Casal de verano 2024<\/h4>\t\t\t\t<\/div>\n\t\t\t\t<\/div>\n\t\t\t\t<div class=\"elementor-element elementor-element-40d4e72 elementor-mobile-align-justify elementor-align-center elementor-widget elementor-widget-button\" data-id=\"40d4e72\" data-element_type=\"widget\" data-widget_type=\"button.default\">\n\t\t\t\t<div class=\"elementor-widget-container\">\n\t\t\t\t\t\t\t\t\t<div class=\"elementor-button-wrapper\">\n\t\t\t\t\t<a class=\"elementor-button elementor-button-link elementor-size-sm\" href=\"https:\/\/tpvescola.com\/Formularis.aspx?eid=556&#038;idform=4\" target=\"_blank\">\n\t\t\t\t\t\t<span class=\"elementor-button-content-wrapper\">\n\t\t\t\t\t\t\t\t\t<span class=\"elementor-button-text\">Inscripci\u00f3n<\/span>\n\t\t\t\t\t<\/span>\n\t\t\t\t\t<\/a>\n\t\t\t\t<\/div>\n\t\t\t\t\t\t\t\t<\/div>\n\t\t\t\t<\/div>\n\t\t\t\t<\/div>\n\t\t\t\t<\/div>\n\t\t<div class=\"elementor-element elementor-element-8394fab e-con-full e-flex e-con e-child\" data-id=\"8394fab\" data-element_type=\"container\">\n\t\t\t\t<div class=\"elementor-element elementor-element-0619398 elementor-widget elementor-widget-image\" data-id=\"0619398\" data-element_type=\"widget\" data-widget_type=\"image.default\">\n\t\t\t\t<div class=\"elementor-widget-container\">\n\t\t\t\t\t\t\t\t\t\t\t\t\t\t\t<img decoding=\"async\" width=\"724\" height=\"1024\" src=\"https:\/\/naifar.provesonlinevalles.com\/wp-content\/uploads\/2024\/08\/Cartell-Campus-ROC-2024-1-724x1024.jpg\" class=\"attachment-large size-large wp-image-492\" alt=\"\" srcset=\"https:\/\/naifar.provesonlinevalles.com\/wp-content\/uploads\/2024\/08\/Cartell-Campus-ROC-2024-1-724x1024.jpg 724w, https:\/\/naifar.provesonlinevalles.com\/wp-content\/uploads\/2024\/08\/Cartell-Campus-ROC-2024-1-212x300.jpg 212w, https:\/\/naifar.provesonlinevalles.com\/wp-content\/uploads\/2024\/08\/Cartell-Campus-ROC-2024-1-768x1086.jpg 768w, https:\/\/naifar.provesonlinevalles.com\/wp-content\/uploads\/2024\/08\/Cartell-Campus-ROC-2024-1-1086x1536.jpg 1086w, https:\/\/naifar.provesonlinevalles.com\/wp-content\/uploads\/2024\/08\/Cartell-Campus-ROC-2024-1.jpg 1414w\" sizes=\"(max-width: 724px) 100vw, 724px\" \/>\t\t\t\t\t\t\t\t\t\t\t\t\t\t\t<\/div>\n\t\t\t\t<\/div>\n\t\t<div class=\"elementor-element elementor-element-49b8579 e-con-full e-flex e-con e-child\" data-id=\"49b8579\" data-element_type=\"container\">\n\t\t\t\t<div class=\"elementor-element elementor-element-22e7a4d elementor-widget elementor-widget-heading\" data-id=\"22e7a4d\" data-element_type=\"widget\" data-widget_type=\"heading.default\">\n\t\t\t\t<div class=\"elementor-widget-container\">\n\t\t\t\t\t<h4 class=\"elementor-heading-title elementor-size-default\">Campus tecnificaci\u00f3n Salesianos Rocafort 2024<\/h4>\t\t\t\t<\/div>\n\t\t\t\t<\/div>\n\t\t<div class=\"elementor-element elementor-element-5002f07 e-con-full e-flex e-con e-child\" data-id=\"5002f07\" data-element_type=\"container\">\n\t\t\t\t<div class=\"elementor-element elementor-element-0c3f9af elementor-mobile-align-justify elementor-align-center elementor-widget elementor-widget-button\" data-id=\"0c3f9af\" data-element_type=\"widget\" data-widget_type=\"button.default\">\n\t\t\t\t<div class=\"elementor-widget-container\">\n\t\t\t\t\t\t\t\t\t<div class=\"elementor-button-wrapper\">\n\t\t\t\t\t<a class=\"elementor-button elementor-button-link elementor-size-sm\" href=\"https:\/\/tpvescola.com\/Formularis.aspx?eid=556&#038;idform=10\" target=\"_blank\">\n\t\t\t\t\t\t<span class=\"elementor-button-content-wrapper\">\n\t\t\t\t\t\t\t\t\t<span class=\"elementor-button-text\">Inscripci\u00f3n campus voleibol<\/span>\n\t\t\t\t\t<\/span>\n\t\t\t\t\t<\/a>\n\t\t\t\t<\/div>\n\t\t\t\t\t\t\t\t<\/div>\n\t\t\t\t<\/div>\n\t\t\t\t<div class=\"elementor-element elementor-element-beeb93c elementor-mobile-align-justify elementor-align-center elementor-widget elementor-widget-button\" data-id=\"beeb93c\" data-element_type=\"widget\" data-widget_type=\"button.default\">\n\t\t\t\t<div class=\"elementor-widget-container\">\n\t\t\t\t\t\t\t\t\t<div class=\"elementor-button-wrapper\">\n\t\t\t\t\t<a class=\"elementor-button elementor-button-link elementor-size-sm\" href=\"https:\/\/tpvescola.com\/Formularis.aspx?eid=556&#038;idform=9\" target=\"_blank\">\n\t\t\t\t\t\t<span class=\"elementor-button-content-wrapper\">\n\t\t\t\t\t\t\t\t\t<span class=\"elementor-button-text\">Inscripci\u00f3n Campus Baloncesto<\/span>\n\t\t\t\t\t<\/span>\n\t\t\t\t\t<\/a>\n\t\t\t\t<\/div>\n\t\t\t\t\t\t\t\t<\/div>\n\t\t\t\t<\/div>\n\t\t\t\t<div class=\"elementor-element elementor-element-33055d0 elementor-mobile-align-justify elementor-align-center elementor-widget elementor-widget-button\" data-id=\"33055d0\" data-element_type=\"widget\" data-widget_type=\"button.default\">\n\t\t\t\t<div class=\"elementor-widget-container\">\n\t\t\t\t\t\t\t\t\t<div class=\"elementor-button-wrapper\">\n\t\t\t\t\t<a class=\"elementor-button elementor-button-link elementor-size-sm\" href=\"https:\/\/tpvescola.com\/Formularis.aspx?eid=556&#038;idform=11\" target=\"_blank\">\n\t\t\t\t\t\t<span class=\"elementor-button-content-wrapper\">\n\t\t\t\t\t\t\t\t\t<span class=\"elementor-button-text\">Inscripci\u00f3n Campus F\u00fatbol Sala<\/span>\n\t\t\t\t\t<\/span>\n\t\t\t\t\t<\/a>\n\t\t\t\t<\/div>\n\t\t\t\t\t\t\t\t<\/div>\n\t\t\t\t<\/div>\n\t\t\t\t<\/div>\n\t\t\t\t<\/div>\n\t\t\t\t<\/div>\n\t\t\t\t<\/div>\n\t\t\t\t\t<\/div>\n\t\t\t\t<\/div>\n\t\t\t\t<\/div>","protected":false},"excerpt":{"rendered":"<p>Apunta&#8217;t al Casal d&#8217;Estiu 2024: Salesians Rocafort &#038; Salesians Sep\u00falveda! Submergeix-te en un estiu ple de diversi\u00f3 i aprenentatge al Casal d&#8217;Estiu 2024. Dissenyat per a nens i nenes de totes les edats, el nostre programa ofereix activitats recreatives, tallers creatius, excursions emocionants i molt m\u00e9s. Casal d&#8217;estiu 2024 Inscripci\u00f3 Campus tecnificaci\u00f3 Salesians Rocafort 2024 [&hellip;]<\/p>","protected":false},"author":1,"featured_media":0,"parent":0,"menu_order":0,"comment_status":"closed","ping_status":"closed","template":"","meta":{"footnotes":""},"class_list":["post-116","page","type-page","status-publish","hentry"],"_links":{"self":[{"href":"https:\/\/naifar.provesonlinevalles.com\/es\/wp-json\/wp\/v2\/pages\/116","targetHints":{"allow":["GET"]}}],"collection":[{"href":"https:\/\/naifar.provesonlinevalles.com\/es\/wp-json\/wp\/v2\/pages"}],"about":[{"href":"https:\/\/naifar.provesonlinevalles.com\/es\/wp-json\/wp\/v2\/types\/page"}],"author":[{"embeddable":true,"href":"https:\/\/naifar.provesonlinevalles.com\/es\/wp-json\/wp\/v2\/users\/1"}],"replies":[{"embeddable":true,"href":"https:\/\/naifar.provesonlinevalles.com\/es\/wp-json\/wp\/v2\/comments?post=116"}],"version-history":[{"count":144,"href":"https:\/\/naifar.provesonlinevalles.com\/es\/wp-json\/wp\/v2\/pages\/116\/revisions"}],"predecessor-version":[{"id":1126,"href":"https:\/\/naifar.provesonlinevalles.com\/es\/wp-json\/wp\/v2\/pages\/116\/revisions\/1126"}],"wp:attachment":[{"href":"https:\/\/naifar.provesonlinevalles.com\/es\/wp-json\/wp\/v2\/media?parent=116"}],"curies":[{"name":"wp","href":"https:\/\/api.w.org\/{rel}","templated":true}]}}