{"id":120,"date":"2024-08-12T07:25:21","date_gmt":"2024-08-12T07:25:21","guid":{"rendered":"https:\/\/naifar.provesonlinevalles.com\/?page_id=120"},"modified":"2024-12-10T09:32:15","modified_gmt":"2024-12-10T09:32:15","slug":"blog","status":"publish","type":"page","link":"https:\/\/naifar.provesonlinevalles.com\/es\/blog\/","title":{"rendered":"Blog"},"content":{"rendered":"<div data-elementor-type=\"wp-page\" data-elementor-id=\"120\" class=\"elementor elementor-120\" data-elementor-post-type=\"page\">\n\t\t\t\t<div class=\"elementor-element elementor-element-e9836b7 e-flex e-con-boxed e-con e-parent\" data-id=\"e9836b7\" data-element_type=\"container\" data-settings=\"{&quot;background_background&quot;:&quot;classic&quot;}\">\n\t\t\t\t\t<div class=\"e-con-inner\">\n\t\t<div class=\"elementor-element elementor-element-f20c3d9 e-con-full e-flex e-con e-child\" data-id=\"f20c3d9\" data-element_type=\"container\">\n\t\t\t\t<div class=\"elementor-element elementor-element-a36b517 elementor-widget__width-initial elementor-widget elementor-widget-heading\" data-id=\"a36b517\" data-element_type=\"widget\" data-widget_type=\"heading.default\">\n\t\t\t\t<div class=\"elementor-widget-container\">\n\t\t\t\t\t<h1 class=\"elementor-heading-title elementor-size-default\">Blog<\/h1>\t\t\t\t<\/div>\n\t\t\t\t<\/div>\n\t\t\t\t<\/div>\n\t\t\t\t\t<\/div>\n\t\t\t\t<\/div>\n\t\t<div class=\"elementor-element elementor-element-32d4691 e-flex e-con-boxed e-con e-parent\" data-id=\"32d4691\" data-element_type=\"container\" data-settings=\"{&quot;background_background&quot;:&quot;classic&quot;}\">\n\t\t\t\t\t<div class=\"e-con-inner\">\n\t\t\t\t<div class=\"elementor-element elementor-element-83b622e elementor-widget__width-initial elementor-widget elementor-widget-text-editor\" data-id=\"83b622e\" data-element_type=\"widget\" data-widget_type=\"text-editor.default\">\n\t\t\t\t<div class=\"elementor-widget-container\">\n\t\t\t\t\t\t\t\t\t<p>Aqu\u00ed podr\u00e1 mantenerse informado sobre todas las actividades que organizamos en diversas entidades y escuelas. Desde casales de verano y Navidad hasta casales deportivos y actividades extraescolares, encontrar\u00e1 todo lo necesario para estar al d\u00eda con nosotros. Adem\u00e1s, podr\u00e1 explorar noticias actuales relacionadas con el ocio, la educaci\u00f3n y el deporte, disfrutar de galer\u00edas fotogr\u00e1ficas capturadas tanto por ustedes como por los monitores y monitoras, y mucho m\u00e1s.<\/p>\t\t\t\t\t\t\t\t<\/div>\n\t\t\t\t<\/div>\n\t\t\t\t\t<\/div>\n\t\t\t\t<\/div>\n\t\t<div class=\"elementor-element elementor-element-a1e1ca2 e-flex e-con-boxed e-con e-parent\" data-id=\"a1e1ca2\" data-element_type=\"container\" data-settings=\"{&quot;background_background&quot;:&quot;classic&quot;}\">\n\t\t\t\t\t<div class=\"e-con-inner\">\n\t\t\t\t<div class=\"elementor-element elementor-element-1130776 elementor-grid-3 elementor-grid-tablet-2 elementor-grid-mobile-1 elementor-posts--thumbnail-top elementor-widget elementor-widget-posts\" data-id=\"1130776\" data-element_type=\"widget\" data-settings=\"{&quot;classic_columns&quot;:&quot;3&quot;,&quot;classic_columns_tablet&quot;:&quot;2&quot;,&quot;classic_columns_mobile&quot;:&quot;1&quot;,&quot;classic_row_gap&quot;:{&quot;unit&quot;:&quot;px&quot;,&quot;size&quot;:35,&quot;sizes&quot;:[]},&quot;classic_row_gap_tablet&quot;:{&quot;unit&quot;:&quot;px&quot;,&quot;size&quot;:&quot;&quot;,&quot;sizes&quot;:[]},&quot;classic_row_gap_mobile&quot;:{&quot;unit&quot;:&quot;px&quot;,&quot;size&quot;:&quot;&quot;,&quot;sizes&quot;:[]}}\" data-widget_type=\"posts.classic\">\n\t\t\t\t<div class=\"elementor-widget-container\">\n\t\t\t\t\t\t\t<div class=\"elementor-posts-container elementor-posts elementor-posts--skin-classic elementor-grid\" role=\"list\">\r\n\t\t\t\t<article class=\"elementor-post elementor-grid-item post-1 post type-post status-publish format-standard has-post-thumbnail hentry category-blog\" role=\"listitem\">\r\n\t\t\t\t<a class=\"elementor-post__thumbnail__link\" href=\"https:\/\/naifar.provesonlinevalles.com\/es\/descobreix-la-nostra-nova-web-informacio-accessible-contacte-directe-activitats-directes-i-molt-mes\/\" tabindex=\"-1\" >\r\n\t\t\t<div class=\"elementor-post__thumbnail\"><img fetchpriority=\"high\" decoding=\"async\" width=\"1920\" height=\"1080\" src=\"https:\/\/naifar.provesonlinevalles.com\/wp-content\/uploads\/2024\/08\/49.jpg\" class=\"attachment-full size-full wp-image-697\" alt=\"\" srcset=\"https:\/\/naifar.provesonlinevalles.com\/wp-content\/uploads\/2024\/08\/49.jpg 1920w, https:\/\/naifar.provesonlinevalles.com\/wp-content\/uploads\/2024\/08\/49-300x169.jpg 300w, https:\/\/naifar.provesonlinevalles.com\/wp-content\/uploads\/2024\/08\/49-1024x576.jpg 1024w, https:\/\/naifar.provesonlinevalles.com\/wp-content\/uploads\/2024\/08\/49-768x432.jpg 768w, https:\/\/naifar.provesonlinevalles.com\/wp-content\/uploads\/2024\/08\/49-1536x864.jpg 1536w\" sizes=\"(max-width: 1920px) 100vw, 1920px\" \/><\/div>\r\n\t\t<\/a>\r\n\t\t\t\t<div class=\"elementor-post__text\">\r\n\t\t\t\t<h3 class=\"elementor-post__title\">\r\n\t\t\t<a href=\"https:\/\/naifar.provesonlinevalles.com\/es\/descobreix-la-nostra-nova-web-informacio-accessible-contacte-directe-activitats-directes-i-molt-mes\/\" >\r\n\t\t\t\tDescubre nuestra nueva web: informaci\u00f3n accesible, contacto directo, actividades directas y mucho m\u00e1s\t\t\t<\/a>\r\n\t\t<\/h3>\r\n\t\t\t\t<div class=\"elementor-post__meta-data\">\r\n\t\t\t\t\t<span class=\"elementor-post-date\">\r\n\t\t\t12 de agosto de 2024\t\t<\/span>\r\n\t\t\t\t<\/div>\r\n\t\t\t\t<\/div>\r\n\t\t\t\t<\/article>\r\n\t\t\t\t<\/div>\r\n\t\t\r\n\t\t\t\t\t\t<\/div>\n\t\t\t\t<\/div>\n\t\t\t\t\t<\/div>\n\t\t\t\t<\/div>\n\t\t\t\t<\/div>","protected":false},"excerpt":{"rendered":"<p>Aqu\u00ed podreu mantenir-vos informats sobre totes les activitats que organitzem a diverses entitats i escoles. Des de casals d&#8217;estiu i Nadal fins a casals esportius<\/p>","protected":false},"author":1,"featured_media":0,"parent":0,"menu_order":0,"comment_status":"closed","ping_status":"closed","template":"","meta":{"footnotes":""},"class_list":["post-120","page","type-page","status-publish","hentry"],"_links":{"self":[{"href":"https:\/\/naifar.provesonlinevalles.com\/es\/wp-json\/wp\/v2\/pages\/120","targetHints":{"allow":["GET"]}}],"collection":[{"href":"https:\/\/naifar.provesonlinevalles.com\/es\/wp-json\/wp\/v2\/pages"}],"about":[{"href":"https:\/\/naifar.provesonlinevalles.com\/es\/wp-json\/wp\/v2\/types\/page"}],"author":[{"embeddable":true,"href":"https:\/\/naifar.provesonlinevalles.com\/es\/wp-json\/wp\/v2\/users\/1"}],"replies":[{"embeddable":true,"href":"https:\/\/naifar.provesonlinevalles.com\/es\/wp-json\/wp\/v2\/comments?post=120"}],"version-history":[{"count":43,"href":"https:\/\/naifar.provesonlinevalles.com\/es\/wp-json\/wp\/v2\/pages\/120\/revisions"}],"predecessor-version":[{"id":1291,"href":"https:\/\/naifar.provesonlinevalles.com\/es\/wp-json\/wp\/v2\/pages\/120\/revisions\/1291"}],"wp:attachment":[{"href":"https:\/\/naifar.provesonlinevalles.com\/es\/wp-json\/wp\/v2\/media?parent=120"}],"curies":[{"name":"wp","href":"https:\/\/api.w.org\/{rel}","templated":true}]}}